{"id":1205,"date":"2017-08-01T15:53:35","date_gmt":"2017-08-01T13:53:35","guid":{"rendered":"https:\/\/earlystage.pl\/blog\/?page_id=1205"},"modified":"2024-07-12T15:33:17","modified_gmt":"2024-07-12T13:33:17","slug":"o-nas","status":"publish","type":"page","link":"https:\/\/earlystage.pl\/blog\/o-nas\/","title":{"rendered":"O nas"},"content":{"rendered":"<div class=\"wpb-content-wrapper\"><p>[vc_row][vc_column width=&#8221;1\/3&#8243; offset=&#8221;vc_hidden-xs&#8221;][vc_single_image image=&#8221;10293&#8243; img_size=&#8221;full&#8221; alignment=&#8221;right&#8221; css=&#8221;.vc_custom_1720791194518{margin-top: 0px !important;margin-right: 0px !important;margin-bottom: 0px !important;margin-left: 0px !important;}&#8221;][\/vc_column][vc_column width=&#8221;2\/3&#8243;][vc_column_text]<\/p>\n<h1>Blog szko\u0142y Early Stage \u2013 o nas<\/h1>\n\n<div id=\"tytul2\">\n<p>Early Stage to szko\u0142a angielskiego z innej bajki\u2728 Dzi\u0119ki autorskiej metodzie 12 supermocy, przyjaznej atmosferze i kreatywnym lektor(k)om nasi uczniowie lubi\u0105 si\u0119 z j\u0119zykiem angielskim od przedszkola, matur\u0119 zdaj\u0105 \u015bpiewaj\u0105co, a w doros\u0142o\u015b\u0107 wchodz\u0105 pewnym krokiem.<\/p>\n<\/div>\n\n\n<div id=\"tytul2\">\n<p>Tworzymy szko\u0142\u0119, w jakiej sami chcieliby\u015bmy si\u0119 uczy\u0107 \u2013 pe\u0142n\u0105 zabawy, lekko\u015bci, rado\u015bci. Ale te\u017c skuteczn\u0105 i pozwalaj\u0105c\u0105 na swobodn\u0105 komunikacj\u0119 i zdawanie egzamin\u00f3w na du\u017cym luzie.<\/p>\n<\/div>\n\n\n<div id=\"tytul2\">\n<p>Nauczanie j\u0119zyka to nasza pasja, ale wiemy te\u017c, \u017ce wsp\u00f3\u0142czesny \u015bwiat wymaga od nas \u2013 i od naszych dzieci \u2013 du\u017co, du\u017co wi\u0119cej.\u00a0<strong>W naszej metodzie zach\u0119camy dzieciaki do wsp\u00f3\u0142pracy, zabawy, kreatywno\u015bci<\/strong>\u00a0(to nasze supermoce!). A na blogu dzielimy si\u0119 ciekawostkami, poradami i wizj\u0105 m\u0105drego rodzicielstwa.<\/p>\n<\/div>\n\n\n<div id=\"tytul2\">\n<p>W Early Stage wierzymy, \u017ce\u00a0<strong>nauka angielskiego to przygoda, kt\u00f3ra otwiera dzieci na \u015bwiat<\/strong>. Zaczyna si\u0119 od jednego s\u0142owa, a ko\u0144czy na d\u0142ugich opowie\u015bciach.<\/p>\n<\/div>\n\n\n<div id=\"tytul2\">\n<p><strong>Nasze kursy angielskiego przeznaczone s\u0105 dla dzieci w wieku od 3 do 19 lat<\/strong>. Sk\u0142adaj\u0105 si\u0119 z fascynuj\u0105cych lekcji j\u0119zyka angielskiego, prowadzonych przez utalentowanych lektor\u00f3w. Realizuj\u0105 autorski program, dostosowany do poziomu i mo\u017cliwo\u015bci dzieci, gwarantuj\u0105cy efektywn\u0105 nauk\u0119 j\u0119zyka angielskiego.<\/p>\n<\/div>\n\n\n<div id=\"tytul2\">\n<p>Je\u015bli chcesz pozna\u0107 nas bli\u017cej, zapraszamy Ci\u0119 do naszego \u015bwiata z bajki Early Stage!<\/p>\n<\/div>\n<p>[\/vc_column_text][vc_video link=&#8221;https:\/\/youtu.be\/FRFFf3RINm8&#8243;][\/vc_column][\/vc_row][vc_row][vc_column parallax=&#8221;content-moving&#8221;][vc_basic_grid post_type=&#8221;post&#8221; max_items=&#8221;999&#8243; style=&#8221;load-more&#8221; items_per_page=&#8221;3&#8243; gap=&#8221;35&#8243; item=&#8221;basicGrid_NoAnimation&#8221; btn_title=&#8221;Zobacz wi\u0119cej wpis\u00f3w&#8221; btn_color=&#8221;primary&#8221; btn_align=&#8221;center&#8221; grid_id=&#8221;vc_gid:1720791068330-913134f3-99d6-1&#8243; css=&#8221;.vc_custom_1720102937081{margin-top: 5px !important;margin-right: 5px !important;margin-bottom: 5px !important;margin-left: 5px !important;border-top-width: 5px !important;border-right-width: 5px !important;border-bottom-width: 5px !important;border-left-width: 5px !important;padding-top: 5px !important;padding-right: 5px !important;padding-bottom: 5px !important;padding-left: 5px !important;}&#8221; el_class=&#8221;custom-post-grid&#8221;][\/vc_column][\/vc_row]<\/p>\n<\/div>","protected":false},"excerpt":{"rendered":"<p>[vc_row][vc_column width=&#8221;1\/3&#8243; offset=&#8221;vc_hidden-xs&#8221;][vc_single_image image=&#8221;10293&#8243; img_size=&#8221;full&#8221; alignment=&#8221;right&#8221; css=&#8221;.vc_custom_1720791194518{margin-top: 0px !important;margin-right: 0px !important;margin-bottom: 0px !important;margin-left: 0px !important;}&#8221;][\/vc_column][vc_column width=&#8221;2\/3&#8243;][vc_column_text] Blog szko\u0142y Early Stage \u2013 o nas Early Stage to szko\u0142a angielskiego z innej bajki\u2728&hellip;<\/p>\n","protected":false},"author":1,"featured_media":0,"parent":0,"menu_order":0,"comment_status":"closed","ping_status":"closed","template":"","meta":{"_acf_changed":false,"footnotes":""},"class_list":["post-1205","page","type-page","status-publish","hentry"],"acf":[],"yoast_head":"<!-- This site is optimized with the Yoast SEO plugin v24.6 - https:\/\/yoast.com\/wordpress\/plugins\/seo\/ -->\n<title>O nas | Early Stage<\/title>\n<meta name=\"robots\" content=\"index, follow, max-snippet:-1, max-image-preview:large, max-video-preview:-1\" \/>\n<link rel=\"canonical\" href=\"https:\/\/earlystage.pl\/blog\/o-nas\/\" \/>\n<meta property=\"og:locale\" content=\"pl_PL\" \/>\n<meta property=\"og:type\" content=\"article\" \/>\n<meta property=\"og:title\" content=\"O nas | Early Stage\" \/>\n<meta property=\"og:description\" content=\"[vc_row][vc_column width=&#8221;1\/3&#8243; offset=&#8221;vc_hidden-xs&#8221;][vc_single_image image=&#8221;10293&#8243; img_size=&#8221;full&#8221; alignment=&#8221;right&#8221; css=&#8221;.vc_custom_1720791194518{margin-top: 0px !important;margin-right: 0px !important;margin-bottom: 0px !important;margin-left: 0px !important;}&#8221;][\/vc_column][vc_column width=&#8221;2\/3&#8243;][vc_column_text] Blog szko\u0142y Early Stage \u2013 o nas Early Stage to szko\u0142a angielskiego z innej bajki\u2728&hellip;\" \/>\n<meta property=\"og:url\" content=\"https:\/\/earlystage.pl\/blog\/o-nas\/\" \/>\n<meta property=\"og:site_name\" content=\"Early Stage\" \/>\n<meta property=\"article:modified_time\" content=\"2024-07-12T13:33:17+00:00\" \/>\n<meta name=\"twitter:card\" content=\"summary_large_image\" \/>\n<meta name=\"twitter:label1\" content=\"Szacowany czas czytania\" \/>\n\t<meta name=\"twitter:data1\" content=\"2 minuty\" \/>\n<!-- \/ Yoast SEO plugin. -->","yoast_head_json":{"title":"O nas | Early Stage","robots":{"index":"index","follow":"follow","max-snippet":"max-snippet:-1","max-image-preview":"max-image-preview:large","max-video-preview":"max-video-preview:-1"},"canonical":"https:\/\/earlystage.pl\/blog\/o-nas\/","og_locale":"pl_PL","og_type":"article","og_title":"O nas | Early Stage","og_description":"[vc_row][vc_column width=&#8221;1\/3&#8243; offset=&#8221;vc_hidden-xs&#8221;][vc_single_image image=&#8221;10293&#8243; img_size=&#8221;full&#8221; alignment=&#8221;right&#8221; css=&#8221;.vc_custom_1720791194518{margin-top: 0px !important;margin-right: 0px !important;margin-bottom: 0px !important;margin-left: 0px !important;}&#8221;][\/vc_column][vc_column width=&#8221;2\/3&#8243;][vc_column_text] Blog szko\u0142y Early Stage \u2013 o nas Early Stage to szko\u0142a angielskiego z innej bajki\u2728&hellip;","og_url":"https:\/\/earlystage.pl\/blog\/o-nas\/","og_site_name":"Early Stage","article_modified_time":"2024-07-12T13:33:17+00:00","twitter_card":"summary_large_image","twitter_misc":{"Szacowany czas czytania":"2 minuty"},"schema":{"@context":"https:\/\/schema.org","@graph":[{"@type":"WebPage","@id":"https:\/\/earlystage.pl\/blog\/o-nas\/","url":"https:\/\/earlystage.pl\/blog\/o-nas\/","name":"O nas | Early Stage","isPartOf":{"@id":"https:\/\/earlystage.pl\/blog\/#website"},"datePublished":"2017-08-01T13:53:35+00:00","dateModified":"2024-07-12T13:33:17+00:00","breadcrumb":{"@id":"https:\/\/earlystage.pl\/blog\/o-nas\/#breadcrumb"},"inLanguage":"pl-PL","potentialAction":[{"@type":"ReadAction","target":["https:\/\/earlystage.pl\/blog\/o-nas\/"]}]},{"@type":"BreadcrumbList","@id":"https:\/\/earlystage.pl\/blog\/o-nas\/#breadcrumb","itemListElement":[{"@type":"ListItem","position":1,"name":"Strona g\u0142\u00f3wna","item":"https:\/\/earlystage.pl\/blog\/"},{"@type":"ListItem","position":2,"name":"O nas"}]},{"@type":"WebSite","@id":"https:\/\/earlystage.pl\/blog\/#website","url":"https:\/\/earlystage.pl\/blog\/","name":"Early Stage","description":"Blog o nauce j\u0119zyka angielskiego dla dzieci i rodzic\u00f3w","potentialAction":[{"@type":"SearchAction","target":{"@type":"EntryPoint","urlTemplate":"https:\/\/earlystage.pl\/blog\/?s={search_term_string}"},"query-input":{"@type":"PropertyValueSpecification","valueRequired":true,"valueName":"search_term_string"}}],"inLanguage":"pl-PL"}]}},"_links":{"self":[{"href":"https:\/\/earlystage.pl\/blog\/wp-json\/wp\/v2\/pages\/1205","targetHints":{"allow":["GET"]}}],"collection":[{"href":"https:\/\/earlystage.pl\/blog\/wp-json\/wp\/v2\/pages"}],"about":[{"href":"https:\/\/earlystage.pl\/blog\/wp-json\/wp\/v2\/types\/page"}],"author":[{"embeddable":true,"href":"https:\/\/earlystage.pl\/blog\/wp-json\/wp\/v2\/users\/1"}],"replies":[{"embeddable":true,"href":"https:\/\/earlystage.pl\/blog\/wp-json\/wp\/v2\/comments?post=1205"}],"version-history":[{"count":59,"href":"https:\/\/earlystage.pl\/blog\/wp-json\/wp\/v2\/pages\/1205\/revisions"}],"predecessor-version":[{"id":10294,"href":"https:\/\/earlystage.pl\/blog\/wp-json\/wp\/v2\/pages\/1205\/revisions\/10294"}],"wp:attachment":[{"href":"https:\/\/earlystage.pl\/blog\/wp-json\/wp\/v2\/media?parent=1205"}],"curies":[{"name":"wp","href":"https:\/\/api.w.org\/{rel}","templated":true}]}}